{"id":6967,"date":"2024-08-31T10:51:11","date_gmt":"2024-08-31T07:51:11","guid":{"rendered":"https:\/\/fotografiska.ee\/?page_id=6967"},"modified":"2024-09-12T22:52:15","modified_gmt":"2024-09-12T19:52:15","slug":"leah-schrager-fi","status":"publish","type":"page","link":"https:\/\/www.fotografiska.ee\/en\/leah-schrager-fi\/","title":{"rendered":"Leah Schrager-FI"},"content":{"rendered":"<p><strong>Leah Schrager<\/strong><\/p>\n\n\n\n<p>synt. 1983, Yhdysvallat<\/p>\n\n\n\n<p>Leah Schrager on digitaalinen taiteilija ja verkkoesiintyj\u00e4. H\u00e4n on malli, valokuvaaja, taiteilija ja omien kuviensa markkinoija. H\u00e4n esitt\u00e4\u00e4 visuaalisissa t\u00f6iss\u00e4\u00e4n kehon muotoja maalauksellista estetiikkaa k\u00e4ytt\u00e4en ja l\u00f6yt\u00e4\u00e4 usein materiaalinsa k\u00e4sitteellisest\u00e4 verkkotoiminnastaan. H\u00e4nen verkkoesiintymisens\u00e4 @OnaArtistin roolissa k\u00e4sittelev\u00e4t seksuaalisuuden, representaation ja jakamisen teemoja.<\/p>\n\n\n\n<p><em>Which Is Which: a faker, a projection, and a performance artist go live on IG<\/em> on Schragerin taltiointi Instagram-livesy\u00f6tteest\u00e4, johon h\u00e4nen verkkoavatarinsa @OnaArtist osallistuu. Se her\u00e4tt\u00e4\u00e4 olennaisia kysymyksi\u00e4 siit\u00e4, mit\u00e4 taide on, kuka saa olla taiteilija, ja miss\u00e4 tilanteissa taidetta voi olla olemassa. Se haastaa perinteiset arvot ja tarjoaa siten laajempaa ymm\u00e4rryst\u00e4 taiteen mahdollisuuksista.<em>Which Is Which: a faker, a projection, and a performance artist go live on IG, <\/em>4 min. toistuva video, 2021<\/p>","protected":false},"excerpt":{"rendered":"<p>Leah Schrager synt. 1983, Yhdysvallat Leah Schrager on digitaalinen taiteilija ja verkkoesiintyj\u00e4. H\u00e4n on malli, valokuvaaja, taiteilija ja omien kuviensa markkinoija. H\u00e4n esitt\u00e4\u00e4 visuaalisissa t\u00f6iss\u00e4\u00e4n kehon muotoja maalauksellista estetiikkaa k\u00e4ytt\u00e4en ja l\u00f6yt\u00e4\u00e4 usein materiaalinsa k\u00e4sitteellisest\u00e4 verkkotoiminnastaan. H\u00e4nen verkkoesiintymisens\u00e4 @OnaArtistin roolissa k\u00e4sittelev\u00e4t seksuaalisuuden, representaation ja jakamisen teemoja. Which Is Which: a faker, a projection, and a [&hellip;]<\/p>","protected":false},"author":1,"featured_media":0,"parent":0,"menu_order":0,"comment_status":"closed","ping_status":"closed","template":"","meta":{"inline_featured_image":false,"footnotes":""},"class_list":["post-6967","page","type-page","status-publish","hentry"],"acf":[],"_links":{"self":[{"href":"https:\/\/www.fotografiska.ee\/en\/wp-json\/wp\/v2\/pages\/6967"}],"collection":[{"href":"https:\/\/www.fotografiska.ee\/en\/wp-json\/wp\/v2\/pages"}],"about":[{"href":"https:\/\/www.fotografiska.ee\/en\/wp-json\/wp\/v2\/types\/page"}],"author":[{"embeddable":true,"href":"https:\/\/www.fotografiska.ee\/en\/wp-json\/wp\/v2\/users\/1"}],"replies":[{"embeddable":true,"href":"https:\/\/www.fotografiska.ee\/en\/wp-json\/wp\/v2\/comments?post=6967"}],"version-history":[{"count":2,"href":"https:\/\/www.fotografiska.ee\/en\/wp-json\/wp\/v2\/pages\/6967\/revisions"}],"predecessor-version":[{"id":7081,"href":"https:\/\/www.fotografiska.ee\/en\/wp-json\/wp\/v2\/pages\/6967\/revisions\/7081"}],"wp:attachment":[{"href":"https:\/\/www.fotografiska.ee\/en\/wp-json\/wp\/v2\/media?parent=6967"}],"curies":[{"name":"wp","href":"https:\/\/api.w.org\/{rel}","templated":true}]}}