{"id":6727,"date":"2024-05-29T12:48:44","date_gmt":"2024-05-29T09:48:44","guid":{"rendered":"https:\/\/fotografiska.ee\/?page_id=6727"},"modified":"2024-05-29T12:48:45","modified_gmt":"2024-05-29T09:48:45","slug":"inka-amp-niclas-fi","status":"publish","type":"page","link":"https:\/\/www.fotografiska.ee\/en\/inka-amp-niclas-fi\/","title":{"rendered":"Inka &amp; Niclas"},"content":{"rendered":"<p><strong>Inka &amp; Niclas<\/strong><\/p>\n\n\n\n<p>Matkustaminen ei ole ainoa tapa p\u00e4\u00e4st\u00e4 n\u00e4kem\u00e4\u00e4n hienoja maisemia, vaan luonnosta voi nauttia my\u00f6s teknologian v\u00e4lityksell\u00e4. Kamerat ja digin\u00e4yt\u00f6t viev\u00e4t meid\u00e4t luonnon \u00e4\u00e4relle, ja niiden avulla todistelemme omaa olemassaoloamme.<\/p>\n\n\n\n<p>Inkan ja Niclaksen teoksissa tarkastellaan ihailemiamme maisemia.<\/p>\n\n\n\n<p>Kaikki kuvamanipulaatiot on tehty valotushetkell\u00e4. Taiteilijat luovat visuaalisen maailman, joka toisaalta muistuttaa arkimaailmaamme ja toisaalta muuntelee sit\u00e4 niin, ett\u00e4 siell\u00e4 vallitsevat uudet s\u00e4\u00e4nn\u00f6t. Teoksissa luonnon ihannointi on viety \u00e4\u00e4rimmilleen ja maisemat suorastaan hehkuvat.<\/p>\n\n\n\n<p>Perhekuvia-sarja k\u00e4sitt\u00e4\u00e4 taiteilijoiden omakuvia, jotka on otettu taiteilijoiden ja heid\u00e4n lastensa yhteisill\u00e4 matkoilla eri puolilla maailmaa. Heijastaviin vaatteisiin pukeutuneista perheenj\u00e4senist\u00e4 erottuvat vain \u00e4\u00e4riviivat, joten he pysyv\u00e4t anonyymeina. Koska ihmisi\u00e4 ei n\u00e4ytet\u00e4 eiv\u00e4tk\u00e4 heid\u00e4n piirteens\u00e4 erotu, luonnon kauneus s\u00e4ilyy huomion keskipisteen\u00e4.<\/p>\n\n\n\n<p>Keskusinstallaatio on rakennettu t\u00e4t\u00e4 n\u00e4yttely\u00e4 varten. Sammuvien auringonlaskujen yll\u00e4 leijailee hohtavaa sumua. Tuntuu kuin merimaisemat olisivat mustan aukon vaikutuspiiriss\u00e4. Aiemmin ne ovat kenties lojuneet maassa hyl\u00e4ttyin\u00e4 kuin m\u00e4r\u00e4t r\u00e4tit. On kuitenkin vaikeaa t\u00e4ysin ymm\u00e4rt\u00e4\u00e4 t\u00e4t\u00e4 ilmaisuv\u00e4linett\u00e4. Katsoja n\u00e4kee vain osan romanttisista maisemista, ja h\u00e4nen teht\u00e4v\u00e4kseen j\u00e4\u00e4 t\u00e4ydent\u00e4\u00e4 aukot omilla toiveillaan ja ajatuksillaan t\u00e4ydellisest\u00e4 maisemasta.<\/p>\n\n\n\n<p>Inka Linderg\u00e5rd (Suomi\/Ruotsi) ja Niclas Linderg\u00e5rd (Ruotsi) ovat ty\u00f6skennelleet yhdess\u00e4 jo vuodesta 2007 ja asuvat Tukholmassa.<\/p>\n\n\n\n<p>1.<em> 4K Ultra HD II (trooppinen)<\/em>, 2018<\/p>\n\n\n\n<p>2. <em>4K Ultra HD trooppinen oranssi<\/em>, 2018<\/p>\n\n\n\n<p>pigmentit, kipsi, kirkaslakka<\/p>\n\n\n\n<p>3. <em>4K Ultra HD trooppinen vaaleanpunainen<\/em>, 2022<\/p>\n\n\n\n<p>pigmentit, kipsi, kirkaslakka<\/p>\n\n\n\n<p>4. <em>4K Ultra HD trooppinen vihre\u00e4<\/em>, 2022<\/p>\n\n\n\n<p>pigmentit, kipsi, kirkaslakka<\/p>\n\n\n\n<p>5. <em>4K Ultra HD trooppinen musta<\/em>, 2018<\/p>\n\n\n\n<p>pigmentit, kipsi, kirkaslakka<\/p>\n\n\n\n<p>6. <em>4K Ultra HD trooppinen violetti<\/em>, 2018<\/p>\n\n\n\n<p>pigmentit, mallikipsi, kirkaslakka<\/p>\n\n\n\n<p>7. <em>Auringonlaskukuvia VII<\/em> \/ <em>4K Ultra HD III (NASA)<\/em>, 2023<\/p>\n\n\n\n<p>Painokuva kankaalle, hartsi, kirkaslakka, Diasec-pohjustus, led-valo<\/p>\n\n\n\n<p>8<em>. 4K Ultra HD I<\/em>, 2018<\/p>\n\n\n\n<p>9.<em> Perhekuva XIII<\/em>, 2020<\/p>\n\n\n\n<p>10.<em> Perhekuva XX<\/em>, 2021<\/p>\n\n\n\n<p>11.<em> Perhekuva XI<\/em>, 2018<\/p>\n\n\n\n<p>12.<em> Perhekuva IX<\/em>, 2018<\/p>\n\n\n\n<p>13. <em>Siirtyminen luonnontilaan VI,<\/em> 2013\/2023<\/p>\n\n\n\n<p>Painokuva sametille<\/p>\n\n\n\n<p>14. <em>Perhekuva XVII<\/em>, 2021<\/p>\n\n\n\n<p>15.<em> 4K Ultra HD XXX<\/em>, 2022<\/p>\n\n\n\n<p>Esill\u00e4 Inkan ja Niclaksen sek\u00e4 Doroth\u00e9e Nilsson Galleryn (Berliini) luvalla.<\/p>","protected":false},"excerpt":{"rendered":"<p>Inka &amp; Niclas Matkustaminen ei ole ainoa tapa p\u00e4\u00e4st\u00e4 n\u00e4kem\u00e4\u00e4n hienoja maisemia, vaan luonnosta voi nauttia my\u00f6s teknologian v\u00e4lityksell\u00e4. Kamerat ja digin\u00e4yt\u00f6t viev\u00e4t meid\u00e4t luonnon \u00e4\u00e4relle, ja niiden avulla todistelemme omaa olemassaoloamme. Inkan ja Niclaksen teoksissa tarkastellaan ihailemiamme maisemia. Kaikki kuvamanipulaatiot on tehty valotushetkell\u00e4. Taiteilijat luovat visuaalisen maailman, joka toisaalta muistuttaa arkimaailmaamme ja toisaalta muuntelee [&hellip;]<\/p>","protected":false},"author":1,"featured_media":0,"parent":0,"menu_order":0,"comment_status":"closed","ping_status":"closed","template":"","meta":{"inline_featured_image":false,"footnotes":""},"class_list":["post-6727","page","type-page","status-publish","hentry"],"acf":[],"_links":{"self":[{"href":"https:\/\/www.fotografiska.ee\/en\/wp-json\/wp\/v2\/pages\/6727"}],"collection":[{"href":"https:\/\/www.fotografiska.ee\/en\/wp-json\/wp\/v2\/pages"}],"about":[{"href":"https:\/\/www.fotografiska.ee\/en\/wp-json\/wp\/v2\/types\/page"}],"author":[{"embeddable":true,"href":"https:\/\/www.fotografiska.ee\/en\/wp-json\/wp\/v2\/users\/1"}],"replies":[{"embeddable":true,"href":"https:\/\/www.fotografiska.ee\/en\/wp-json\/wp\/v2\/comments?post=6727"}],"version-history":[{"count":1,"href":"https:\/\/www.fotografiska.ee\/en\/wp-json\/wp\/v2\/pages\/6727\/revisions"}],"predecessor-version":[{"id":6728,"href":"https:\/\/www.fotografiska.ee\/en\/wp-json\/wp\/v2\/pages\/6727\/revisions\/6728"}],"wp:attachment":[{"href":"https:\/\/www.fotografiska.ee\/en\/wp-json\/wp\/v2\/media?parent=6727"}],"curies":[{"name":"wp","href":"https:\/\/api.w.org\/{rel}","templated":true}]}}