{"id":6723,"date":"2024-05-29T12:46:17","date_gmt":"2024-05-29T09:46:17","guid":{"rendered":"https:\/\/fotografiska.ee\/?page_id=6723"},"modified":"2024-05-29T12:46:18","modified_gmt":"2024-05-29T09:46:18","slug":"esther-teichmann-fi","status":"publish","type":"page","link":"https:\/\/www.fotografiska.ee\/en\/esther-teichmann-fi\/","title":{"rendered":"Esther Teichmann"},"content":{"rendered":"<p><strong>Esther Teichmann<\/strong><br><br>Esther Teichmann luo stillkuvan, liikkuvan kuvan, kollaasitekniikan ja maalaamisen avulla maailmoja, joissa omael\u00e4m\u00e4kerrallinen ja kuvitteellinen aines sekoittuvat. Teichmannin tuotannon keskeisi\u00e4 teemoja ovat mielikuvitus ja himo. H\u00e4n tutkii niiden alkuper\u00e4\u00e4 ja ilmentymi\u00e4 sek\u00e4 yhteytt\u00e4 menetyksen kokemukseen. Teichmann rakentaa moni\u00e4\u00e4nisi\u00e4 visuaalisia teoksia, joissa tarkastelun kohteina ovat koti(-ik\u00e4v\u00e4), \u00e4itiys, peritty suru ja naisen nautinto. Teichmannin n\u00e4kemyksen mukaan keho tuottaa tietoa. H\u00e4n j\u00e4sent\u00e4\u00e4 tilaa ja kohtaamisia feministis-subjektiivisesta n\u00e4k\u00f6kulmasta tutkien mielikuvituksen, myyttien ja koetun v\u00e4list\u00e4 suhdetta.<\/p>\n\n\n\n<p>Saksalais-yhdysvaltalainen Esther Teichmann toimii Lontoossa sek\u00e4 Elyss\u00e4 Englannissa. H\u00e4nen teoksiaan on ollut esill\u00e4 eri maissa, ja niit\u00e4 on julkaistu kansainv\u00e4lisiss\u00e4 julkaisuissa. Teoksia on sek\u00e4 yksityisiss\u00e4 ett\u00e4 julkisissa kokoelmissa, kuten Victoria &amp; Albert Museumin kokoelmassa Lontoossa ja Clevelandin taidemuseon kokoelmassa Yhdysvalloissa. Teichmannia edustaa lontoolainen Flowers Gallery.<br><br><\/p>\n\n\n\n<p>Christopher Stewartin taiteessa keskeisi\u00e4 aiheita ovat selviytyminen, n\u00e4kym\u00e4tt\u00f6myys, salaper\u00e4isyys ja valta. Stewartin teoksia on ollut esill\u00e4 muun muassa Whitechapel Galleryss\u00e4 Lontoossa ja Winterthurin valokuvataiteen museossa Sveitsiss\u00e4. Teoksia on yksityisiss\u00e4 ja julkisissa kokoelmissa, kuten Victoria &amp; Albert Museumin kokoelmassa Lontoossa ja Martin Z. Marguliesin yksityiskokoelmassa Miamissa.<\/p>\n\n\n\n<p>T\u00e4htikuvioita (<em>Constellations<\/em>) on Esther Teichmannin ja Christopher Stewartin kokeellinen lyhytelokuva ja nettijulkaisu, jonka on rahoittanut Wellcome Trust -s\u00e4\u00e4ti\u00f6. Elokuva on tehty montaasitekniikalla surrealismin hengess\u00e4. Se tutkii luovan ty\u00f6n ja tieteellisen tutkimuksen narratiiveja rinnastamalla ne raskauteen ja syntym\u00e4\u00e4n. Deirdre Gribbinin s\u00e4vellys jousikvartetolle johdattaa katsojan monikerroksiseen visuaaliseen maailmaan, jonka luomiseen on k\u00e4ytetty tietokoneanimaatiota ja s\u00e4\u00e4ti\u00f6n arkistomateriaalia. Avaruudesta liikutaan kohti solutasoa, lihasta kohti dataa ja tuntemattomasta kohti l\u00f6yt\u00e4mist\u00e4 ja syntym\u00e4\u00e4.<\/p>\n\n\n\n<p>T\u00e4htikuvioita, 2021<\/p>\n\n\n\n<p>8 min 35 s<\/p>\n\n\n\n<p>Ohjaus: Esther Teichmann ja Christopher Stewart<\/p>\n\n\n\n<p>S\u00e4vellys: Deirdre Gribbin<\/p>\n\n\n\n<p>Esitt\u00e4j\u00e4: The Benyounes Quartet<\/p>\n\n\n\n<p>Leikkaus: Geiste Kincinaityte<\/p>\n\n\n\n<p>Tietokoneanimaatiot: Liam Sielski Waters<\/p>\n\n\n\n<p>Tanssija: Sophia Wang<\/p>\n\n\n\n<p>Vauva (vastasyntynyt ja taapero): Ada Virginia Teichmann Stewart<\/p>\n\n\n\n<p>Wellcome Trust -s\u00e4\u00e4ti\u00f6n kuva-arkiston materiaalit:<\/p>\n\n\n\n<p>Lastesi silm\u00e4t, 1945, Wellcome Trustin kokoelma<\/p>\n\n\n\n<p>Munasolun hedelm\u00f6ittyminen, 1924, Wellcome Trustin kokoelma<\/p>\n\n\n\n<p>Normaali synnytys klinikalla, 3. osa: ponnistusvaihe, 1926, Wellcome Trustin kokoelma<\/p>\n\n\n\n<p>Fraktaaliarpia, suolavett\u00e4 ja kyyneli\u00e4, 2015<\/p>\n\n\n\n<p>Hopeagelatiinivedos<\/p>\n\n\n\n<p>Teos on esill\u00e4 Esther Teichmannin ja lontoolaisen Flowers Galleryn luvalla.<\/p>","protected":false},"excerpt":{"rendered":"<p>Esther Teichmann Esther Teichmann luo stillkuvan, liikkuvan kuvan, kollaasitekniikan ja maalaamisen avulla maailmoja, joissa omael\u00e4m\u00e4kerrallinen ja kuvitteellinen aines sekoittuvat. Teichmannin tuotannon keskeisi\u00e4 teemoja ovat mielikuvitus ja himo. H\u00e4n tutkii niiden alkuper\u00e4\u00e4 ja ilmentymi\u00e4 sek\u00e4 yhteytt\u00e4 menetyksen kokemukseen. Teichmann rakentaa moni\u00e4\u00e4nisi\u00e4 visuaalisia teoksia, joissa tarkastelun kohteina ovat koti(-ik\u00e4v\u00e4), \u00e4itiys, peritty suru ja naisen nautinto. Teichmannin n\u00e4kemyksen [&hellip;]<\/p>","protected":false},"author":1,"featured_media":0,"parent":0,"menu_order":0,"comment_status":"closed","ping_status":"closed","template":"","meta":{"inline_featured_image":false,"footnotes":""},"class_list":["post-6723","page","type-page","status-publish","hentry"],"acf":[],"_links":{"self":[{"href":"https:\/\/www.fotografiska.ee\/en\/wp-json\/wp\/v2\/pages\/6723"}],"collection":[{"href":"https:\/\/www.fotografiska.ee\/en\/wp-json\/wp\/v2\/pages"}],"about":[{"href":"https:\/\/www.fotografiska.ee\/en\/wp-json\/wp\/v2\/types\/page"}],"author":[{"embeddable":true,"href":"https:\/\/www.fotografiska.ee\/en\/wp-json\/wp\/v2\/users\/1"}],"replies":[{"embeddable":true,"href":"https:\/\/www.fotografiska.ee\/en\/wp-json\/wp\/v2\/comments?post=6723"}],"version-history":[{"count":1,"href":"https:\/\/www.fotografiska.ee\/en\/wp-json\/wp\/v2\/pages\/6723\/revisions"}],"predecessor-version":[{"id":6724,"href":"https:\/\/www.fotografiska.ee\/en\/wp-json\/wp\/v2\/pages\/6723\/revisions\/6724"}],"wp:attachment":[{"href":"https:\/\/www.fotografiska.ee\/en\/wp-json\/wp\/v2\/media?parent=6723"}],"curies":[{"name":"wp","href":"https:\/\/api.w.org\/{rel}","templated":true}]}}